{"id":31,"date":"2023-04-18T11:21:18","date_gmt":"2023-04-18T10:21:18","guid":{"rendered":"https:\/\/xml-io.proteusthemes.com\/bolts\/?page_id=31"},"modified":"2023-10-05T16:18:37","modified_gmt":"2023-10-05T15:18:37","slug":"contact-us","status":"publish","type":"page","link":"https:\/\/g5multiservices.com\/?page_id=31","title":{"rendered":"Contact"},"content":{"rendered":"<div id=\"pl-31\"  class=\"panel-layout\" ><div id=\"pg-31-0\"  class=\"panel-grid panel-no-style\" ><div id=\"pgc-31-0-0\"  class=\"panel-grid-cell\" ><div id=\"panel-31-0-0-0\" class=\"so-panel widget widget_sow-editor panel-first-child panel-last-child\" data-index=\"0\" ><div class=\"featured-widget panel-widget-style panel-widget-style-for-31-0-0-0\" ><div\n\t\t\t\n\t\t\tclass=\"so-widget-sow-editor so-widget-sow-editor-base\"\n\t\t\t\n\t\t>\n<div class=\"siteorigin-widget-tinymce textwidget\">\n\t<p style=\"text-align: center;\"><span class=\"icon-container\"><span class=\"fa fa-phone  fa-3x\" style=\"color:#dddddd;\"><\/span><\/span><\/p>\n<p style=\"text-align: center;\"><span style=\"color: #333333;\"><strong>T\u00e9l\u00e9phone<\/strong><\/span><\/p>\n<p style=\"text-align: center;\">+237 233 420 449<br \/>\n+237 674 025 644<\/p>\n<p style=\"text-align: center;\"><strong><a href=\"#\">Appel via Skype<\/a><\/strong><\/p>\n<\/div>\n<\/div><\/div><\/div><\/div><div id=\"pgc-31-0-1\"  class=\"panel-grid-cell\" ><div id=\"panel-31-0-1-0\" class=\"so-panel widget widget_sow-editor panel-first-child panel-last-child\" data-index=\"1\" ><div class=\"featured-widget panel-widget-style panel-widget-style-for-31-0-1-0\" ><div\n\t\t\t\n\t\t\tclass=\"so-widget-sow-editor so-widget-sow-editor-base\"\n\t\t\t\n\t\t>\n<div class=\"siteorigin-widget-tinymce textwidget\">\n\t<p style=\"text-align: center;\"><span class=\"icon-container\"><span class=\"fa fa-envelope  fa-3x\" style=\"color:#dddddd;\"><\/span><\/span><\/p>\n<p style=\"text-align: center;\"><span style=\"color: #333333;\"><strong>E-Mail<\/strong><\/span><\/p>\n<p style=\"text-align: center;\">contact@g5multiservices.com<br \/>\nsylvain.bissaye@gmail.com<\/p>\n<p style=\"text-align: center;\"><strong><a href=\"#\">support@g5multiservices.com<\/a><\/strong><\/p>\n<\/div>\n<\/div><\/div><\/div><\/div><div id=\"pgc-31-0-2\"  class=\"panel-grid-cell\" ><div id=\"panel-31-0-2-0\" class=\"so-panel widget widget_sow-editor panel-first-child panel-last-child\" data-index=\"2\" ><div class=\"featured-widget panel-widget-style panel-widget-style-for-31-0-2-0\" ><div\n\t\t\t\n\t\t\tclass=\"so-widget-sow-editor so-widget-sow-editor-base\"\n\t\t\t\n\t\t>\n<div class=\"siteorigin-widget-tinymce textwidget\">\n\t<p style=\"text-align: center;\"><span class=\"icon-container\"><span class=\"fa fa-map-marker  fa-3x\" style=\"color:#dddddd;\"><\/span><\/span><\/p>\n<p style=\"text-align: center;\"><span style=\"color: #333333;\"><strong>Adresse<\/strong><\/span><\/p>\n<p style=\"text-align: center;\">Ancien pharmacie de<br \/>\nla r\u00e9publique, Bonadibong<\/p>\n<p style=\"text-align: center;\"><strong><a href=\"#\">Obtenir des directions<\/a><\/strong><\/p>\n<\/div>\n<\/div><\/div><\/div><\/div><div id=\"pgc-31-0-3\"  class=\"panel-grid-cell\" ><div id=\"panel-31-0-3-0\" class=\"so-panel widget widget_sow-editor panel-first-child panel-last-child\" data-index=\"3\" ><div class=\"featured-widget panel-widget-style panel-widget-style-for-31-0-3-0\" ><div\n\t\t\t\n\t\t\tclass=\"so-widget-sow-editor so-widget-sow-editor-base\"\n\t\t\t\n\t\t>\n<div class=\"siteorigin-widget-tinymce textwidget\">\n\t<p style=\"text-align: center;\"><span class=\"icon-container\"><span class=\"fa fa-users  fa-3x\" style=\"color:#dddddd;\"><\/span><\/span><\/p>\n<p style=\"text-align: center;\"><span style=\"color: #333333;\"><strong>Opportunit\u00e9s de carri\u00e8re<\/strong><\/span><\/p>\n<p style=\"text-align: center;\">Voulez-vous travailler ?<br \/>\nPostulez ici<\/p>\n<p style=\"text-align: center;\"><strong><a href=\"#\">Postes disponibles<\/a><\/strong><\/p>\n<\/div>\n<\/div><\/div><\/div><\/div><\/div><div id=\"pg-31-1\"  class=\"panel-grid panel-no-style\" ><div id=\"pgc-31-1-0\"  class=\"panel-grid-cell\" ><div id=\"panel-31-1-0-0\" class=\"so-panel widget widget_pw_opening_time opening-time panel-first-child panel-last-child\" data-index=\"4\" ><div class=\"panel-widget-style panel-widget-style-for-31-1-0-0\" >\n\t<div class=\"time-table\">\n\n\t\t\n\t\t<div class=\"inner-bg\">\n\t\t\t\t\t\t\t<dl class=\"week-day \">\n\t\t\t\t\t<dt>Monday<\/dt>\n\t\t\t\t\t<dd class=\"week-day__line\"><\/dd>\n\t\t\t\t\t<dd>8:00-17:30<\/dd>\n\t\t\t\t<\/dl>\n\t\t\t\t\t\t\t<dl class=\"week-day  light-bg\">\n\t\t\t\t\t<dt>Tuesday<\/dt>\n\t\t\t\t\t<dd class=\"week-day__line\"><\/dd>\n\t\t\t\t\t<dd>8:00-17:30<\/dd>\n\t\t\t\t<\/dl>\n\t\t\t\t\t\t\t<dl class=\"week-day \">\n\t\t\t\t\t<dt>Wednesday<\/dt>\n\t\t\t\t\t<dd class=\"week-day__line\"><\/dd>\n\t\t\t\t\t<dd>8:00-17:30<\/dd>\n\t\t\t\t<\/dl>\n\t\t\t\t\t\t\t<dl class=\"week-day  light-bg today\">\n\t\t\t\t\t<dt>Thursday<\/dt>\n\t\t\t\t\t<dd class=\"week-day__line\"><\/dd>\n\t\t\t\t\t<dd>8:00-17:30<\/dd>\n\t\t\t\t<\/dl>\n\t\t\t\t\t\t\t<dl class=\"week-day \">\n\t\t\t\t\t<dt>Friday<\/dt>\n\t\t\t\t\t<dd class=\"week-day__line\"><\/dd>\n\t\t\t\t\t<dd>8:00-17:30<\/dd>\n\t\t\t\t<\/dl>\n\t\t\t\t\t\t\t<dl class=\"week-day  light-bg closed\">\n\t\t\t\t\t<dt>Saturday<\/dt>\n\t\t\t\t\t<dd class=\"week-day__line\"><\/dd>\n\t\t\t\t\t<dd>FERM\u00c9<\/dd>\n\t\t\t\t<\/dl>\n\t\t\t\t\t\t\t<dl class=\"week-day  closed\">\n\t\t\t\t\t<dt>Sunday<\/dt>\n\t\t\t\t\t<dd class=\"week-day__line\"><\/dd>\n\t\t\t\t\t<dd>FERM\u00c9<\/dd>\n\t\t\t\t<\/dl>\n\t\t\t\t\t<\/div>\n\n\t\t\n\t<\/div>\n\n<\/div><\/div><\/div><div id=\"pgc-31-1-1\"  class=\"panel-grid-cell\" ><div id=\"panel-31-1-1-0\" class=\"so-panel widget widget_text panel-first-child panel-last-child\" data-index=\"5\" >\t\t\t<div class=\"textwidget\">\n<div class=\"wpcf7 no-js\" id=\"wpcf7-f19-o1\" lang=\"fr-FR\" dir=\"ltr\">\n<div class=\"screen-reader-response\"><p role=\"status\" aria-live=\"polite\" aria-atomic=\"true\"><\/p> <ul><\/ul><\/div>\n<form action=\"\/index.php?rest_route=%2Fwp%2Fv2%2Fpages%2F31#wpcf7-f19-o1\" method=\"post\" class=\"wpcf7-form init\" aria-label=\"Formulaire de contact\" novalidate=\"novalidate\" data-status=\"init\">\n<div style=\"display: none;\">\n<input type=\"hidden\" name=\"_wpcf7\" value=\"19\" \/>\n<input type=\"hidden\" name=\"_wpcf7_version\" value=\"5.8.7\" \/>\n<input type=\"hidden\" name=\"_wpcf7_locale\" value=\"fr_FR\" \/>\n<input type=\"hidden\" name=\"_wpcf7_unit_tag\" value=\"wpcf7-f19-o1\" \/>\n<input type=\"hidden\" name=\"_wpcf7_container_post\" value=\"0\" \/>\n<input type=\"hidden\" name=\"_wpcf7_posted_data_hash\" value=\"\" \/>\n<\/div>\n<p><label> Your name<br \/>\n<span class=\"wpcf7-form-control-wrap\" data-name=\"your-name\"><input size=\"40\" class=\"wpcf7-form-control wpcf7-text wpcf7-validates-as-required\" autocomplete=\"name\" aria-required=\"true\" aria-invalid=\"false\" value=\"\" type=\"text\" name=\"your-name\" \/><\/span> <\/label>\n<\/p>\n<p><label> Your email<br \/>\n<span class=\"wpcf7-form-control-wrap\" data-name=\"your-email\"><input size=\"40\" class=\"wpcf7-form-control wpcf7-email wpcf7-validates-as-required wpcf7-text wpcf7-validates-as-email\" autocomplete=\"email\" aria-required=\"true\" aria-invalid=\"false\" value=\"\" type=\"email\" name=\"your-email\" \/><\/span> <\/label>\n<\/p>\n<p><label> Subject<br \/>\n<span class=\"wpcf7-form-control-wrap\" data-name=\"your-subject\"><input size=\"40\" class=\"wpcf7-form-control wpcf7-text wpcf7-validates-as-required\" aria-required=\"true\" aria-invalid=\"false\" value=\"\" type=\"text\" name=\"your-subject\" \/><\/span> <\/label>\n<\/p>\n<p><label> Your message (optional)<br \/>\n<span class=\"wpcf7-form-control-wrap\" data-name=\"your-message\"><textarea cols=\"40\" rows=\"10\" class=\"wpcf7-form-control wpcf7-textarea\" aria-invalid=\"false\" name=\"your-message\"><\/textarea><\/span> <\/label>\n<\/p>\n<p><input class=\"wpcf7-form-control wpcf7-submit has-spinner\" type=\"submit\" value=\"Submit\" \/>\n<\/p><div class=\"wpcf7-response-output\" aria-hidden=\"true\"><\/div>\n<\/form>\n<\/div>\n<\/div>\n\t\t<\/div><\/div><\/div><\/div>","protected":false},"excerpt":{"rendered":"<p>T\u00e9l\u00e9phone +237 233 420 449 +237 674 025 644 Appel via Skype E-Mail contact@g5multiservices.com sylvain.bissaye@gmail.com support@g5multiservices.com Adresse Ancien pharmacie de la r\u00e9publique, Bonadibong Obtenir des directions Opportunit\u00e9s de carri\u00e8re Voulez-vous travailler ? Postulez ici Postes disponibles<\/p>\n","protected":false},"author":1,"featured_media":0,"parent":0,"menu_order":0,"comment_status":"closed","ping_status":"closed","template":"","meta":{"_monsterinsights_skip_tracking":false,"_monsterinsights_sitenote_active":false,"_monsterinsights_sitenote_note":"","_monsterinsights_sitenote_category":0,"footnotes":""},"class_list":["post-31","page","type-page","status-publish","hentry"],"acf":[],"aioseo_notices":[],"lang":"fr","translations":{"fr":31},"pll_sync_post":[],"_links":{"self":[{"href":"https:\/\/g5multiservices.com\/index.php?rest_route=\/wp\/v2\/pages\/31","targetHints":{"allow":["GET"]}}],"collection":[{"href":"https:\/\/g5multiservices.com\/index.php?rest_route=\/wp\/v2\/pages"}],"about":[{"href":"https:\/\/g5multiservices.com\/index.php?rest_route=\/wp\/v2\/types\/page"}],"author":[{"embeddable":true,"href":"https:\/\/g5multiservices.com\/index.php?rest_route=\/wp\/v2\/users\/1"}],"replies":[{"embeddable":true,"href":"https:\/\/g5multiservices.com\/index.php?rest_route=%2Fwp%2Fv2%2Fcomments&post=31"}],"version-history":[{"count":9,"href":"https:\/\/g5multiservices.com\/index.php?rest_route=\/wp\/v2\/pages\/31\/revisions"}],"predecessor-version":[{"id":1196,"href":"https:\/\/g5multiservices.com\/index.php?rest_route=\/wp\/v2\/pages\/31\/revisions\/1196"}],"wp:attachment":[{"href":"https:\/\/g5multiservices.com\/index.php?rest_route=%2Fwp%2Fv2%2Fmedia&parent=31"}],"curies":[{"name":"wp","href":"https:\/\/api.w.org\/{rel}","templated":true}]}}