{"id":6,"date":"2023-04-11T12:24:42","date_gmt":"2023-04-11T10:24:42","guid":{"rendered":"https:\/\/xml-io.proteusthemes.com\/bolts\/?page_id=6"},"modified":"2023-10-06T09:39:55","modified_gmt":"2023-10-06T08:39:55","slug":"home","status":"publish","type":"page","link":"https:\/\/g5multiservices.com\/","title":{"rendered":"Accueil"},"content":{"rendered":"<div id=\"pl-6\"  class=\"panel-layout\" ><div id=\"pg-6-0\"  class=\"panel-grid panel-has-style\" ><div class=\"siteorigin-panels-stretch panel-row-style panel-row-style-for-6-0\" data-stretch-type=\"full-stretched\" ><div id=\"pgc-6-0-0\"  class=\"panel-grid-cell\" ><div id=\"panel-6-0-0-0\" class=\"so-panel widget widget_pw_hero_columns widget-hero-columns panel-first-child panel-last-child\" data-index=\"0\" >\t\t\t\t<div class=\"hero-columns\" id=\"hero-columns-widget-0-0-0\">\n\t\t\t\t\t\t\t\t\t\t\t<div class=\"hero-columns__item\" style=\"background-image: url('https:\/\/g5multiservices.com\/wp-content\/uploads\/2023\/10\/G5-IMPORT-EXPORT.png')\">\n\t\t\t\t\t\t\t<div class=\"hero-columns__content\">\n\t\t\t\t\t\t\t\t\t<h3 class=\"hero-columns__title\">Import - Export<\/h3>\n\t\t\t\t\t\t\t\t\t<div class=\"hero-columns__text\">\n\t\t\t\t\t\t\t\t\t\tD\u2019une mani\u00e8re g\u00e9n\u00e9rale, nous importons et exportons tout ce dont vous pouvez avoir besoin dans le monde.\t\t\t\t\t\t\t\t\t<\/div>\n\t\t\t\t\t\t\t<\/div>\n\t\t\t\t\t\t\t<a class=\"hero-columns__cta\" href=\"https:\/\/g5multiservices.com\/?page_id=1217\" target=\"_self\">\n\t\t\t\t\t\t\t\tEN SAVOIR PLUS\t\t\t\t\t\t\t<\/a>\n\t\t\t\t\t\t\t<div class=\"hero-columns__overlay\" style=\"background-color: rgba(0, 0, 0, 0)\"><\/div>\n\t\t\t\t\t\t<\/div>\n\t\t\t\t\t\t\t\t\t\t\t<div class=\"hero-columns__item\" style=\"background-image: url('https:\/\/g5multiservices.com\/wp-content\/uploads\/2023\/10\/G5-LOGISTIQUE-TRANSPORT.png')\">\n\t\t\t\t\t\t\t<div class=\"hero-columns__content\">\n\t\t\t\t\t\t\t\t\t<h3 class=\"hero-columns__title\">Logistique - Transport<\/h3>\n\t\t\t\t\t\t\t\t\t<div class=\"hero-columns__text\">\n\t\t\t\t\t\t\t\t\t\tCoordonner la circulation des produits de mani\u00e8re fiable et offrir un service qui soit facilement accessible est notre objectif.\t\t\t\t\t\t\t\t\t<\/div>\n\t\t\t\t\t\t\t<\/div>\n\t\t\t\t\t\t\t<a class=\"hero-columns__cta\" href=\"https:\/\/g5multiservices.com\/?page_id=1248\" target=\"_self\">\n\t\t\t\t\t\t\t\tEN SAVOIR PLUS\t\t\t\t\t\t\t<\/a>\n\t\t\t\t\t\t\t<div class=\"hero-columns__overlay\" style=\"background-color: rgba(0, 0, 0, 0)\"><\/div>\n\t\t\t\t\t\t<\/div>\n\t\t\t\t\t\t\t\t\t\t\t<div class=\"hero-columns__item\" style=\"background-image: url('https:\/\/g5multiservices.com\/wp-content\/uploads\/2023\/10\/G5-BOIS.png')\">\n\t\t\t\t\t\t\t<div class=\"hero-columns__content\">\n\t\t\t\t\t\t\t\t\t<h3 class=\"hero-columns__title\">Prestation de services<\/h3>\n\t\t\t\t\t\t\t\t\t<div class=\"hero-columns__text\">\n\t\t\t\t\t\t\t\t\t\tPour nous, les cas sp\u00e9ciaux n\u2019ont rien d\u2019extraordinaire. Vous \u00eates int\u00e9ress\u00e9 par nos prestations ?\t\t\t\t\t\t\t\t\t<\/div>\n\t\t\t\t\t\t\t<\/div>\n\t\t\t\t\t\t\t<a class=\"hero-columns__cta\" href=\"https:\/\/g5multiservices.com\/?page_id=832\" target=\"_self\">\n\t\t\t\t\t\t\t\tVOIR TOUS LES SERVICES\t\t\t\t\t\t\t<\/a>\n\t\t\t\t\t\t\t<div class=\"hero-columns__overlay\" style=\"background-color: rgba(0, 0, 0, 0)\"><\/div>\n\t\t\t\t\t\t<\/div>\n\t\t\t\t\t\t\t\t\t<\/div>\n\t\t\t<\/div><\/div><\/div><\/div><div id=\"pg-6-1\"  class=\"panel-grid panel-no-style\" ><div id=\"pgc-6-1-0\"  class=\"panel-grid-cell\" ><div id=\"panel-6-1-0-0\" class=\"so-panel widget widget_sow-editor panel-first-child panel-last-child\" data-index=\"1\" ><div\n\t\t\t\n\t\t\tclass=\"so-widget-sow-editor so-widget-sow-editor-base\"\n\t\t\t\n\t\t>\n<div class=\"siteorigin-widget-tinymce textwidget\">\n\t<h3>BIENVENUE - <span style=\"color: #999999; font-weight: 300;\">Chez G5 MULTISERVICES !<\/span><\/h3>\n<p>La confiance mutuelle et la proximit\u00e9 nous permettent de mieux comprendre les attentes des clients et d\u2019\u00eatre r\u00e9actifs dans les solutions apport\u00e9es.<\/p>\n<\/div>\n<\/div><\/div><\/div><div id=\"pgc-6-1-1\"  class=\"panel-grid-cell\" ><div id=\"panel-6-1-1-0\" class=\"so-panel widget widget_sow-editor panel-first-child panel-last-child\" data-index=\"2\" ><div class=\"featured-widget panel-widget-style panel-widget-style-for-6-1-1-0\" ><div\n\t\t\t\n\t\t\tclass=\"so-widget-sow-editor so-widget-sow-editor-base\"\n\t\t\t\n\t\t>\n<div class=\"siteorigin-widget-tinymce textwidget\">\n\t<p style=\"text-align: center;\"><span class=\"icon-container\"><span class=\"fa fa-balance-scale  fa-3x\"><\/span><\/span><\/p>\n<p style=\"text-align: center;\"><a href=\"#\" style=\"color: #333333;\"><strong>Nos valeurs<\/strong><\/a><\/p>\n<\/div>\n<\/div><\/div><\/div><\/div><div id=\"pgc-6-1-2\"  class=\"panel-grid-cell\" ><div id=\"panel-6-1-2-0\" class=\"so-panel widget widget_sow-editor panel-first-child panel-last-child\" data-index=\"3\" ><div class=\"featured-widget panel-widget-style panel-widget-style-for-6-1-2-0\" ><div\n\t\t\t\n\t\t\tclass=\"so-widget-sow-editor so-widget-sow-editor-base\"\n\t\t\t\n\t\t>\n<div class=\"siteorigin-widget-tinymce textwidget\">\n\t<p style=\"text-align: center;\"><span class=\"icon-container\"><span class=\"fa fa-lightbulb-o  fa-3x\"><\/span><\/span><\/p>\n<p style=\"text-align: center;\"><a href=\"#\" style=\"color: #333333;\"><strong>Notre Vision<\/strong><\/a><\/p>\n<\/div>\n<\/div><\/div><\/div><\/div><div id=\"pgc-6-1-3\"  class=\"panel-grid-cell\" ><div id=\"panel-6-1-3-0\" class=\"so-panel widget widget_sow-editor panel-first-child panel-last-child\" data-index=\"4\" ><div class=\"featured-widget panel-widget-style panel-widget-style-for-6-1-3-0\" ><div\n\t\t\t\n\t\t\tclass=\"so-widget-sow-editor so-widget-sow-editor-base\"\n\t\t\t\n\t\t>\n<div class=\"siteorigin-widget-tinymce textwidget\">\n\t<p style=\"text-align: center;\"><span class=\"icon-container\"><span class=\"fa fa-bullseye  fa-3x\"><\/span><\/span><\/p>\n<p style=\"text-align: center;\"><a href=\"#\" style=\"color: #333333;\"><strong>Nos Missions<\/strong><\/a><\/p>\n<\/div>\n<\/div><\/div><\/div><\/div><\/div><div id=\"pg-6-2\"  class=\"panel-grid panel-no-style\" ><div id=\"pgc-6-2-0\"  class=\"panel-grid-cell\" ><div id=\"panel-6-2-0-0\" class=\"so-panel widget widget_sow-editor panel-first-child panel-last-child\" data-index=\"5\" ><div\n\t\t\t\n\t\t\tclass=\"so-widget-sow-editor so-widget-sow-editor-base\"\n\t\t\t\n\t\t><h3 class=\"widget-title\"><span class=\"widget-title__inline\">SERVICES EN PLUS<\/span><\/h3>\n<div class=\"siteorigin-widget-tinymce textwidget\">\n\t<hr \/>\n<p style=\"text-align: center;\">Nos services sont assur\u00e9s par de grands r\u00e9seaux de partenaires et de professionnels afin de vous satisfaire.<\/p>\n<p>&nbsp;<\/p>\n<\/div>\n<\/div><\/div><\/div><\/div><div id=\"pg-6-3\"  class=\"panel-grid panel-no-style\" ><div id=\"pgc-6-3-0\"  class=\"panel-grid-cell\" ><div id=\"panel-6-3-0-0\" class=\"so-panel widget widget_pw_featured_page widget-featured-page panel-first-child panel-last-child\" data-index=\"6\" >\n\t<div class=\"page-box  page-box--block\">\n\t\t\t\t<div class=\"page-box__content\">\n\t\t\t<h4 class=\"page-box__title\"><a href=\"https:\/\/g5multiservices.com\/\">Accueil<\/a><\/h4>\n\t\t\t<p class=\"page-box__text\">\t\t\t\t<div class=\"hero-columns\" id=\"hero-columns-\">\n\t\t\t\t\t\t\t\t\t<\/div>\n\t\t\t\n\n\tBIENVENUE - Chez G5 MULTISERVICES !\nLa confiance mutuelle et la proximit\u00e9 &hellip;<\/p>\n\t\t\t\t\t<\/div>\n\t<\/div>\n\n<\/div><\/div><div id=\"pgc-6-3-1\"  class=\"panel-grid-cell\" ><div id=\"panel-6-3-1-0\" class=\"so-panel widget widget_pw_featured_page widget-featured-page panel-first-child panel-last-child\" data-index=\"7\" >\n\t<div class=\"page-box  page-box--block\">\n\t\t\t\t<div class=\"page-box__content\">\n\t\t\t<h4 class=\"page-box__title\"><a href=\"https:\/\/g5multiservices.com\/\">Accueil<\/a><\/h4>\n\t\t\t<p class=\"page-box__text\">\t\t\t\t<div class=\"hero-columns\" id=\"hero-columns-\">\n\t\t\t\t\t\t\t\t\t<\/div>\n\t\t\t\n\n\tBIENVENUE - Chez G5 MULTISERVICES !\nLa confiance mutuelle et la proximit\u00e9 &hellip;<\/p>\n\t\t\t\t\t<\/div>\n\t<\/div>\n\n<\/div><\/div><div id=\"pgc-6-3-2\"  class=\"panel-grid-cell\" ><div id=\"panel-6-3-2-0\" class=\"so-panel widget widget_pw_featured_page widget-featured-page panel-first-child panel-last-child\" data-index=\"8\" >\n\t<div class=\"page-box  page-box--block\">\n\t\t\t\t<div class=\"page-box__content\">\n\t\t\t<h4 class=\"page-box__title\"><a href=\"https:\/\/g5multiservices.com\/\">Accueil<\/a><\/h4>\n\t\t\t<p class=\"page-box__text\">\t\t\t\t<div class=\"hero-columns\" id=\"hero-columns-\">\n\t\t\t\t\t\t\t\t\t<\/div>\n\t\t\t\n\n\tBIENVENUE - Chez G5 MULTISERVICES !\nLa confiance mutuelle et la proximit\u00e9 &hellip;<\/p>\n\t\t\t\t\t<\/div>\n\t<\/div>\n\n<\/div><\/div><\/div><div id=\"pg-6-4\"  class=\"panel-grid panel-no-style\" ><div id=\"pgc-6-4-0\"  class=\"panel-grid-cell\" ><div id=\"panel-6-4-0-0\" class=\"so-panel widget widget_pw_featured_page widget-featured-page panel-first-child panel-last-child\" data-index=\"9\" >\n\t<div class=\"page-box  page-box--block\">\n\t\t\t\t<div class=\"page-box__content\">\n\t\t\t<h4 class=\"page-box__title\"><a href=\"https:\/\/g5multiservices.com\/\">Accueil<\/a><\/h4>\n\t\t\t<p class=\"page-box__text\">\t\t\t\t<div class=\"hero-columns\" id=\"hero-columns-\">\n\t\t\t\t\t\t\t\t\t<\/div>\n\t\t\t\n\n\tBIENVENUE - Chez G5 MULTISERVICES !\nLa confiance mutuelle et la proximit\u00e9 &hellip;<\/p>\n\t\t\t\t\t<\/div>\n\t<\/div>\n\n<\/div><\/div><div id=\"pgc-6-4-1\"  class=\"panel-grid-cell\" ><div id=\"panel-6-4-1-0\" class=\"so-panel widget widget_pw_featured_page widget-featured-page panel-first-child panel-last-child\" data-index=\"10\" >\n\t<div class=\"page-box  page-box--block\">\n\t\t\t\t<div class=\"page-box__content\">\n\t\t\t<h4 class=\"page-box__title\"><a href=\"https:\/\/g5multiservices.com\/\">Accueil<\/a><\/h4>\n\t\t\t<p class=\"page-box__text\">\t\t\t\t<div class=\"hero-columns\" id=\"hero-columns-\">\n\t\t\t\t\t\t\t\t\t<\/div>\n\t\t\t\n\n\tBIENVENUE - Chez G5 MULTISERVICES !\nLa confiance mutuelle et la proximit\u00e9 &hellip;<\/p>\n\t\t\t\t\t<\/div>\n\t<\/div>\n\n<\/div><\/div><div id=\"pgc-6-4-2\"  class=\"panel-grid-cell\" ><div id=\"panel-6-4-2-0\" class=\"so-panel widget widget_pw_featured_page widget-featured-page panel-first-child panel-last-child\" data-index=\"11\" >\n\t<div class=\"page-box  page-box--block\">\n\t\t\t\t<div class=\"page-box__content\">\n\t\t\t<h4 class=\"page-box__title\"><a href=\"https:\/\/g5multiservices.com\/\">Accueil<\/a><\/h4>\n\t\t\t<p class=\"page-box__text\">\t\t\t\t<div class=\"hero-columns\" id=\"hero-columns-\">\n\t\t\t\t\t\t\t\t\t<\/div>\n\t\t\t\n\n\tBIENVENUE - Chez G5 MULTISERVICES !\nLa confiance mutuelle et la proximit\u00e9 &hellip;<\/p>\n\t\t\t\t\t<\/div>\n\t<\/div>\n\n<\/div><\/div><\/div><div id=\"pg-6-5\"  class=\"panel-grid panel-no-style\" ><div id=\"pgc-6-5-0\"  class=\"panel-grid-cell\" ><div id=\"panel-6-5-0-0\" class=\"so-panel widget widget_pw_title_with_button widget-title-with-button panel-first-child panel-last-child\" data-index=\"12\" >\t\t\t\t<div class=\"title-with-button\">\n\t\t\t\t\t<h3 class=\"widget-title\"><span class=\"widget-title__inline\">Informations<\/span><\/h3>\t\t\t\t\t<a href=\"#\" target=\"_self\" class=\"btn  title-with-button__button\" title=\"En savoir plus\">En savoir plus<\/a>\n\t\t\t\t<\/div>\n\t\t\t<\/div><\/div><\/div><div id=\"pg-6-6\"  class=\"panel-grid panel-no-style\" ><div id=\"pgc-6-6-0\"  class=\"panel-grid-cell\" ><div id=\"panel-6-6-0-0\" class=\"so-panel widget widget_pw_latest_news widget-latest-news panel-first-child panel-last-child\" data-index=\"13\" >\n\t\t\t\t\t\t<div class=\"card  latest-news  latest-news--block\">\n\t\t\t\t\t\t\t\t\t<a href=\"https:\/\/g5multiservices.com\/?p=358\" class=\"latest-news__image\">\n\t\t\t\t\t\t<img loading=\"lazy\" decoding=\"async\" src=\"https:\/\/g5multiservices.com\/wp-content\/uploads\/2023\/09\/sigmat-360x204.jpg\" width=\"360\" height=\"204\" srcset=\"https:\/\/g5multiservices.com\/wp-content\/uploads\/2023\/09\/sigmat-360x204.jpg 360w, https:\/\/g5multiservices.com\/wp-content\/uploads\/2023\/09\/sigmat.jpg 830w\" sizes=\"auto, (min-width: 1200px) 349px, (min-width: 992px) 283px, (min-width: 768px) 690px, calc(100vw - 30px)\" class=\"card-img-top  wp-post-image\" alt=\"D\u00e9signation d\u2019un chef de projet du Syst\u00e8me d\u2019Interconnectivit\u00e9 et de Gestion Automatis\u00e9e des marchandises en Transit (SIGMAT)\">\n\t\t\t\t\t<\/a>\n\t\t\t\t\n\t\t\t\t<div class=\"card-block  latest-news__content\">\n\t\t\t\t\t\t\t\t\t\t\t<time class=\"latest-news__date\" datetime=\"2023-09-22T10:10:51+01:00\">22 septembre 2023<\/time>\n\t\t\t\t\t\t\t\t\t\t<h4 class=\"card-title  latest-news__title\"><a href=\"https:\/\/g5multiservices.com\/?p=358\">D\u00e9signation d\u2019un chef de projet du Syst\u00e8me d\u2019Interconnectivit\u00e9 et de Gestion Automatis\u00e9e des marchandises en Transit (SIGMAT)<\/a><\/h4>\n\t\t\t\t\t<div class=\"card-text  latest-news__text\">\n\t\t\t\t\t\tD\u00e9signation d\u2019un chef de projet du Syst\u00e8me d\u2019Interconnectivit\u00e9 et de Gestion Automatis\u00e9e des marchandises en Transit (SIGMAT) Douane camerounaise.\t\t\t\t\t<\/div>\n\t\t\t\t<\/div>\n\t\t\t<\/div>\n\t\t\t\t\t\n<\/div><\/div><div id=\"pgc-6-6-1\"  class=\"panel-grid-cell\" ><div id=\"panel-6-6-1-0\" class=\"so-panel widget widget_pw_latest_news widget-latest-news panel-first-child panel-last-child\" data-index=\"14\" >\n\t\t\t\t\t\t<div class=\"card  latest-news  latest-news--block\">\n\t\t\t\t\t\t\t\t\t<a href=\"https:\/\/g5multiservices.com\/?p=353\" class=\"latest-news__image\">\n\t\t\t\t\t\t<img loading=\"lazy\" decoding=\"async\" src=\"https:\/\/g5multiservices.com\/wp-content\/uploads\/2023\/09\/enchere-douane-360x204.jpg\" width=\"360\" height=\"204\" srcset=\"https:\/\/g5multiservices.com\/wp-content\/uploads\/2023\/09\/enchere-douane-360x204.jpg 360w, https:\/\/g5multiservices.com\/wp-content\/uploads\/2023\/09\/enchere-douane.jpg 830w\" sizes=\"auto, (min-width: 1200px) 349px, (min-width: 992px) 283px, (min-width: 768px) 690px, calc(100vw - 30px)\" class=\"card-img-top  wp-post-image\" alt=\"FAUX COMMUNIQUES DES VENTES AUX ENCHERES PUBLIQUES DES MARCHANDISES\">\n\t\t\t\t\t<\/a>\n\t\t\t\t\n\t\t\t\t<div class=\"card-block  latest-news__content\">\n\t\t\t\t\t\t\t\t\t\t\t<time class=\"latest-news__date\" datetime=\"2023-09-22T10:06:21+01:00\">22 septembre 2023<\/time>\n\t\t\t\t\t\t\t\t\t\t<h4 class=\"card-title  latest-news__title\"><a href=\"https:\/\/g5multiservices.com\/?p=353\">FAUX COMMUNIQUES DES VENTES AUX ENCHERES PUBLIQUES DES MARCHANDISES<\/a><\/h4>\n\t\t\t\t\t<div class=\"card-text  latest-news__text\">\n\t\t\t\t\t\tFAUX COMMUNIQUES DES VENTES AUX ENCHERES PUBLIQUES DES MARCHANDISES\t\t\t\t\t<\/div>\n\t\t\t\t<\/div>\n\t\t\t<\/div>\n\t\t\t\t\t\n<\/div><\/div><div id=\"pgc-6-6-2\"  class=\"panel-grid-cell\" ><div id=\"panel-6-6-2-0\" class=\"so-panel widget widget_pw_latest_news widget-latest-news panel-first-child panel-last-child\" data-index=\"15\" >\n\t\t\t<div class=\"latest-news__container\">\n\t\t\t\t\t\t\t<a href=\"https:\/\/g5multiservices.com\/?p=355\" class=\"card  latest-news  latest-news--inline\">\n\t\t\t\t\t<div class=\"card-block  latest-news__content\">\n\t\t\t\t\t\t<h4 class=\"card-title  latest-news__title\">POLITIQUE DE CONFIDENTIALITE\u0301 POUR \u201cD\u00e9claration en Douane CMR\u201d<\/h4>\n\t\t\t\t\t\t<time class=\"latest-news__date\" datetime=\"2023-09-14T10:08:47+01:00\">\n\t\t\t\t\t\t\t14 septembre 2023\t\t\t\t\t\t<\/time>\n\t\t\t\t\t<\/div>\n\t\t\t\t<\/a>\n\t\t\t\t\t\t\t<a href=\"https:\/\/g5multiservices.com\/?p=350\" class=\"card  latest-news  latest-news--inline\">\n\t\t\t\t\t<div class=\"card-block  latest-news__content\">\n\t\t\t\t\t\t<h4 class=\"card-title  latest-news__title\">Entr\u00e9e en vigueur du Document Unique de Sortie et de la quittance d\u00e9mat\u00e9rialis\u00e9e dans CAMCIS le lundi 02 octobre 2023<\/h4>\n\t\t\t\t\t\t<time class=\"latest-news__date\" datetime=\"2023-04-22T10:03:31+01:00\">\n\t\t\t\t\t\t\t22 avril 2023\t\t\t\t\t\t<\/time>\n\t\t\t\t\t<\/div>\n\t\t\t\t<\/a>\n\t\t\t\t\t\t\t<a href=\"https:\/\/g5multiservices.com\/?p=348\" class=\"card  latest-news  latest-news--inline\">\n\t\t\t\t\t<div class=\"card-block  latest-news__content\">\n\t\t\t\t\t\t<h4 class=\"card-title  latest-news__title\">APE : HUITIEME PHASE DE DEMANTELEMENT TARIFAIRE<\/h4>\n\t\t\t\t\t\t<time class=\"latest-news__date\" datetime=\"2023-04-22T10:01:39+01:00\">\n\t\t\t\t\t\t\t22 avril 2023\t\t\t\t\t\t<\/time>\n\t\t\t\t\t<\/div>\n\t\t\t\t<\/a>\n\t\t\t\t\t\t\t<a href=\"https:\/\/g5multiservices.com\/?p=346\" class=\"card  latest-news  latest-news--inline\">\n\t\t\t\t\t<div class=\"card-block  latest-news__content\">\n\t\t\t\t\t\t<h4 class=\"card-title  latest-news__title\">Imp\u00f4t Camerounaise<\/h4>\n\t\t\t\t\t\t<time class=\"latest-news__date\" datetime=\"2023-04-22T09:59:31+01:00\">\n\t\t\t\t\t\t\t22 avril 2023\t\t\t\t\t\t<\/time>\n\t\t\t\t\t<\/div>\n\t\t\t\t<\/a>\n\t\t\t\n\t\t\t\t\t<\/div>\n\t\n<\/div><\/div><\/div><div id=\"pg-6-7\"  class=\"panel-grid panel-has-style\" ><div class=\"siteorigin-panels-stretch panel-row-style panel-row-style-for-6-7\" data-stretch-type=\"full\" ><div id=\"pgc-6-7-0\"  class=\"panel-grid-cell\" ><div id=\"panel-6-7-0-0\" class=\"so-panel widget widget_pw_call_to_action widget-call-to-action panel-first-child panel-last-child\" data-index=\"16\" >\t\t\t\t<div class=\"call-to-action\">\n\t\t\t\t\t<div class=\"call-to-action__text\">\n\t\t\t\t\t\t<h4 class=\"call-to-action__title\">\n\t\t\t\t\t\t\tSUIVEZ L'EVOLUTION DE VOS <strong>DOSSIERS<\/strong> CHEZ NOUS\t\t\t\t\t\t<\/h4>\n\t\t\t\t\t\t\t\t\t\t\t\t<p class=\"call-to-action__subtitle\">\n\t\t\t\t\t\t\tEntrez la r\u00e9f\u00e9rence de votre dossier chez G5 MULTISERVICES et ayez un aper\u00e7u de son \u00e9volution.\t\t\t\t\t\t<\/p>\n\t\t\t\t\t\t\t\t\t\t\t<\/div>\n\t\t\t\t\t<div class=\"call-to-action__button\">\n\t\t\t\t\t\t<a class=\"btn  btn-light\" href=\"#\" target=\"_self\"> INFOS. DOSSIER<\/a>\t\t\t\t\t<\/div>\n\t\t\t\t<\/div>\n\t\t\t<\/div><\/div><\/div><\/div><div id=\"pg-6-8\"  class=\"panel-grid panel-has-style\" ><div class=\"siteorigin-panels-stretch panel-row-style panel-row-style-for-6-8\" data-stretch-type=\"full\" ><div id=\"pgc-6-8-0\"  class=\"panel-grid-cell\" ><div id=\"panel-6-8-0-0\" class=\"so-panel widget widget_sow-editor panel-first-child panel-last-child\" data-index=\"17\" ><div\n\t\t\t\n\t\t\tclass=\"so-widget-sow-editor so-widget-sow-editor-base\"\n\t\t\t\n\t\t>\n<div class=\"siteorigin-widget-tinymce textwidget\">\n\t<p style=\"text-align: center;\">Nous sommes des professionnels soucieux de la satisfaction de nos clients et de l'acheminement de leur colis \u00e0 moindre co\u00fbt et dans les d\u00e9lais<\/p>\n<\/div>\n<\/div><\/div><\/div><div id=\"pgc-6-8-1\"  class=\"panel-grid-cell\" ><div id=\"panel-6-8-1-0\" class=\"so-panel widget widget_sow-editor panel-first-child panel-last-child\" data-index=\"18\" ><div\n\t\t\t\n\t\t\tclass=\"so-widget-sow-editor so-widget-sow-editor-base\"\n\t\t\t\n\t\t>\n<div class=\"siteorigin-widget-tinymce textwidget\">\n\t<p style=\"text-align: center;\">Gr\u00e2ce \u00e0 notre organisation, nos m\u00e9thodes et nos processus, nous mettons \u00e0 votre disposition l'\u00e9volution instantan\u00e9e de vos colis et conteneurs.<\/p>\n<p style=\"text-align: center; margin-bottom: 0;\"><img loading=\"lazy\" decoding=\"async\" class=\"alignnone size-full wp-image-843\" src=\"https:\/\/g5multiservices.com\/wp-content\/uploads\/2023\/10\/2023-10-05_135657-removebg-preview.png\" alt=\"sign\" width=\"195\" height=\"35\" \/><\/p>\n<\/div>\n<\/div><\/div><\/div><div id=\"pgc-6-8-2\"  class=\"panel-grid-cell\" ><div id=\"panel-6-8-2-0\" class=\"so-panel widget widget_sow-editor panel-first-child panel-last-child\" data-index=\"19\" ><div\n\t\t\t\n\t\t\tclass=\"so-widget-sow-editor so-widget-sow-editor-base\"\n\t\t\t\n\t\t>\n<div class=\"siteorigin-widget-tinymce textwidget\">\n\t<p style=\"text-align: center;\">Nos nombreux partenaires et professionnels nous permettent de nous rapprocher de vous et de vos marchandises partout dans le monde.<\/p>\n<\/div>\n<\/div><\/div><\/div><\/div><\/div><div id=\"pg-6-9\"  class=\"panel-grid panel-no-style\" ><div id=\"pgc-6-9-0\"  class=\"panel-grid-cell\" ><div id=\"panel-6-9-0-0\" class=\"so-panel widget widget_text panel-first-child\" data-index=\"20\" ><h3 class=\"widget-title\"><span class=\"widget-title__inline\">ILS NOUS FONT CONFIANCE<\/span><\/h3>\t\t\t<div class=\"textwidget\"><div class=\"logo-panel\">\n  <div class=\"row\">\n    <div class=\"col-xs-12  col-sm-4  col-lg-2\">\n      <img decoding=\"async\" src=\"https:\/\/g5multiservices.com\/wp-content\/uploads\/2023\/10\/3slog.png\" alt=\"Client logo\">\n    <\/div>\n    <div class=\"col-xs-12  col-sm-4  col-lg-2\">\n      <img decoding=\"async\" src=\"https:\/\/g5multiservices.com\/wp-content\/uploads\/2023\/10\/amateo.png\" alt=\"Client logo\">\n    <\/div>\n    <div class=\"col-xs-12  col-sm-4  col-lg-2\">\n      <img decoding=\"async\" src=\"https:\/\/g5multiservices.com\/wp-content\/uploads\/2023\/10\/gt.png\" alt=\"Client logo\">\n    <\/div>\n    <div class=\"col-xs-12  col-sm-4  col-lg-2\">\n      <img decoding=\"async\" src=\"https:\/\/g5multiservices.com\/wp-content\/uploads\/2023\/10\/camtel.png\" alt=\"Client logo\">\n    <\/div>\n    <div class=\"col-xs-12  col-sm-4  col-lg-2\">\n      <img decoding=\"async\" src=\"https:\/\/g5multiservices.com\/wp-content\/uploads\/2023\/10\/africaIT.png\" alt=\"Client logo\">\n    <\/div>\n    <div class=\"col-xs-12  col-sm-4  col-lg-2\">\n      <img decoding=\"async\" src=\"https:\/\/g5multiservices.com\/wp-content\/uploads\/2023\/10\/sotti.png\" alt=\"Client logo\">\n    <\/div>\n  <\/div>\n<\/div><\/div>\n\t\t<\/div><div id=\"panel-6-9-0-1\" class=\"so-panel widget widget_sow-editor panel-last-child\" data-index=\"21\" ><div\n\t\t\t\n\t\t\tclass=\"so-widget-sow-editor so-widget-sow-editor-base\"\n\t\t\t\n\t\t>\n<div class=\"siteorigin-widget-tinymce textwidget\">\n\t<\/div>\n<\/div><\/div><\/div><\/div><\/div>","protected":false},"excerpt":{"rendered":"<p>BIENVENUE &#8211; Chez G5 MULTISERVICES ! La confiance mutuelle et la proximit\u00e9 nous permettent de mieux comprendre les attentes des clients et d\u2019\u00eatre r\u00e9actifs dans les solutions apport\u00e9es. Nos valeurs Notre Vision Nos Missions<\/p>\n","protected":false},"author":1,"featured_media":0,"parent":0,"menu_order":0,"comment_status":"closed","ping_status":"closed","template":"","meta":{"_monsterinsights_skip_tracking":false,"_monsterinsights_sitenote_active":false,"_monsterinsights_sitenote_note":"","_monsterinsights_sitenote_category":0,"footnotes":""},"class_list":["post-6","page","type-page","status-publish","hentry"],"acf":[],"aioseo_notices":[],"lang":"fr","translations":{"fr":6,"en":1284},"pll_sync_post":[],"_links":{"self":[{"href":"https:\/\/g5multiservices.com\/index.php?rest_route=\/wp\/v2\/pages\/6","targetHints":{"allow":["GET"]}}],"collection":[{"href":"https:\/\/g5multiservices.com\/index.php?rest_route=\/wp\/v2\/pages"}],"about":[{"href":"https:\/\/g5multiservices.com\/index.php?rest_route=\/wp\/v2\/types\/page"}],"author":[{"embeddable":true,"href":"https:\/\/g5multiservices.com\/index.php?rest_route=\/wp\/v2\/users\/1"}],"replies":[{"embeddable":true,"href":"https:\/\/g5multiservices.com\/index.php?rest_route=%2Fwp%2Fv2%2Fcomments&post=6"}],"version-history":[{"count":74,"href":"https:\/\/g5multiservices.com\/index.php?rest_route=\/wp\/v2\/pages\/6\/revisions"}],"predecessor-version":[{"id":1255,"href":"https:\/\/g5multiservices.com\/index.php?rest_route=\/wp\/v2\/pages\/6\/revisions\/1255"}],"wp:attachment":[{"href":"https:\/\/g5multiservices.com\/index.php?rest_route=%2Fwp%2Fv2%2Fmedia&parent=6"}],"curies":[{"name":"wp","href":"https:\/\/api.w.org\/{rel}","templated":true}]}}